{"id":15498,"date":"2025-12-15T07:34:02","date_gmt":"2025-12-15T07:34:02","guid":{"rendered":"https:\/\/ansitzgamp.com\/offerte\/"},"modified":"2026-02-11T14:57:01","modified_gmt":"2026-02-11T14:57:01","slug":"offerte","status":"publish","type":"page","link":"https:\/\/ansitzgamp.com\/it\/offerte\/","title":{"rendered":"Offerte"},"content":{"rendered":"\t\t<div data-elementor-type=\"wp-page\" data-elementor-id=\"15498\" class=\"elementor elementor-15498 elementor-15424\" data-elementor-post-type=\"page\">\n\t\t\t\t<div class=\"elementor-element elementor-element-aa95ded e-flex e-con-boxed e-con e-parent\" data-id=\"aa95ded\" data-element_type=\"container\" data-e-type=\"container\" data-settings=\"{&quot;background_background&quot;:&quot;classic&quot;}\">\n\t\t\t\t\t<div class=\"e-con-inner\">\n\t\t<div class=\"elementor-element elementor-element-02fcc20 e-con-full e-flex e-con e-child\" data-id=\"02fcc20\" data-element_type=\"container\" data-e-type=\"container\">\n\t\t\t\t<div class=\"elementor-element elementor-element-6cc4c98 animated-slow elementor-invisible elementor-widget elementor-widget-heading\" data-id=\"6cc4c98\" data-element_type=\"widget\" data-e-type=\"widget\" data-settings=\"{&quot;_animation&quot;:&quot;slideInUp&quot;}\" data-widget_type=\"heading.default\">\n\t\t\t\t\t<h4 class=\"elementor-heading-title elementor-size-default\">Le nostre migliori offerte per la vostra vacanza in Alto Adige<\/h4>\t\t\t\t<\/div>\n\t\t\t\t<\/div>\n\t\t<div class=\"elementor-element elementor-element-70ea463 e-con-full e-flex e-con e-child\" data-id=\"70ea463\" data-element_type=\"container\" data-e-type=\"container\">\n\t\t\t\t<div class=\"elementor-element elementor-element-b80e5d4 animated-slow elementor-invisible elementor-widget elementor-widget-text-editor\" data-id=\"b80e5d4\" data-element_type=\"widget\" data-e-type=\"widget\" data-settings=\"{&quot;_animation&quot;:&quot;slideInUp&quot;,&quot;_animation_delay&quot;:200}\" data-widget_type=\"text-editor.default\">\n\t\t\t\t\t\t\t\t\t<p class=\"p1\">Lasciarsi andare. Staccare la spina. Godersi il momento. \u00c8 proprio questo che desiderate? Le nostre speciali offerte vacanza vi invitano a lasciarvi alle spalle la quotidianit\u00e0. Scoprite ci\u00f2 che abbiamo preparato per voi.<\/p>\n\t\t\t\t\t\t\t\t<\/div>\n\t\t\t\t<\/div>\n\t\t\t\t\t<\/div>\n\t\t\t\t<\/div>\n\t\t<div class=\"elementor-element elementor-element-bc93ced e-flex e-con-boxed e-con e-parent\" data-id=\"bc93ced\" data-element_type=\"container\" data-e-type=\"container\" data-settings=\"{&quot;background_background&quot;:&quot;classic&quot;}\">\n\t\t\t\t\t<div class=\"e-con-inner\">\n\t\t\t\t<div class=\"elementor-element elementor-element-57efd59 kbe-offers-grid elementor-widget elementor-widget-html\" data-id=\"57efd59\" data-element_type=\"widget\" data-e-type=\"widget\" data-widget_type=\"html.default\">\n\t\t\t\t\t<div data-kbe-offers=\"BOOKINGWIDGET\"><\/div>\t\t\t\t<\/div>\n\t\t\t\t\t<\/div>\n\t\t\t\t<\/div>\n\t\t\t\t<\/div>\n\t\t","protected":false},"excerpt":{"rendered":"<p>Le nostre migliori offerte per la vostra vacanza in Alto Adige Lasciarsi andare. Staccare la spina. Godersi il momento. \u00c8 proprio questo che desiderate? Le nostre speciali offerte vacanza vi invitano a lasciarvi alle spalle la quotidianit\u00e0. Scoprite ci\u00f2 che abbiamo preparato per voi.<\/p>\n","protected":false},"author":1,"featured_media":0,"parent":0,"menu_order":0,"comment_status":"closed","ping_status":"closed","template":"","meta":{"footnotes":""},"class_list":["post-15498","page","type-page","status-publish","hentry"],"_links":{"self":[{"href":"https:\/\/ansitzgamp.com\/it\/wp-json\/wp\/v2\/pages\/15498","targetHints":{"allow":["GET"]}}],"collection":[{"href":"https:\/\/ansitzgamp.com\/it\/wp-json\/wp\/v2\/pages"}],"about":[{"href":"https:\/\/ansitzgamp.com\/it\/wp-json\/wp\/v2\/types\/page"}],"author":[{"embeddable":true,"href":"https:\/\/ansitzgamp.com\/it\/wp-json\/wp\/v2\/users\/1"}],"replies":[{"embeddable":true,"href":"https:\/\/ansitzgamp.com\/it\/wp-json\/wp\/v2\/comments?post=15498"}],"version-history":[{"count":0,"href":"https:\/\/ansitzgamp.com\/it\/wp-json\/wp\/v2\/pages\/15498\/revisions"}],"wp:attachment":[{"href":"https:\/\/ansitzgamp.com\/it\/wp-json\/wp\/v2\/media?parent=15498"}],"curies":[{"name":"wp","href":"https:\/\/api.w.org\/{rel}","templated":true}]}}