{"id":9060,"date":"2025-01-15T13:37:42","date_gmt":"2025-01-15T13:37:42","guid":{"rendered":"https:\/\/ansitzgamp.com\/note-legali\/"},"modified":"2025-11-26T10:01:42","modified_gmt":"2025-11-26T10:01:42","slug":"note-legali","status":"publish","type":"page","link":"https:\/\/ansitzgamp.com\/it\/note-legali\/","title":{"rendered":"Note legali"},"content":{"rendered":"\t\t<div data-elementor-type=\"wp-page\" data-elementor-id=\"9060\" class=\"elementor elementor-9060 elementor-13\" data-elementor-post-type=\"page\">\n\t\t\t\t<div class=\"elementor-element elementor-element-5bb62a46 e-flex e-con-boxed e-con e-parent\" data-id=\"5bb62a46\" data-element_type=\"container\" data-e-type=\"container\">\n\t\t\t\t\t<div class=\"e-con-inner\">\n\t\t<div class=\"elementor-element elementor-element-78ac5817 e-con-full e-flex e-con e-child\" data-id=\"78ac5817\" data-element_type=\"container\" data-e-type=\"container\">\n\t\t\t\t<div data-dce-title-color=\"#353A3C\" class=\"elementor-element elementor-element-5b3aa68e elementor-widget elementor-widget-heading\" data-id=\"5b3aa68e\" data-element_type=\"widget\" data-e-type=\"widget\" data-widget_type=\"heading.default\">\n\t\t\t\t\t<h2 class=\"elementor-heading-title elementor-size-default\">Dichiariazione liberatoria\n<\/h2>\t\t\t\t<\/div>\n\t\t\t\t<\/div>\n\t\t\t\t\t<\/div>\n\t\t\t\t<\/div>\n\t\t<div class=\"elementor-element elementor-element-77ad1def e-flex e-con-boxed e-con e-parent\" data-id=\"77ad1def\" data-element_type=\"container\" data-e-type=\"container\">\n\t\t\t\t\t<div class=\"e-con-inner\">\n\t\t<div class=\"elementor-element elementor-element-585cc21a e-con-full e-flex e-con e-child\" data-id=\"585cc21a\" data-element_type=\"container\" data-e-type=\"container\">\n\t\t\t\t<div data-dce-title-color=\"#363636\" class=\"elementor-element elementor-element-7c80ceab elementor-widget elementor-widget-heading\" data-id=\"7c80ceab\" data-element_type=\"widget\" data-e-type=\"widget\" data-widget_type=\"heading.default\">\n\t\t\t\t\t<h2 class=\"elementor-heading-title elementor-size-default\">Responsabile<\/h2>\t\t\t\t<\/div>\n\t\t\t\t<div data-dce-text-color=\"#363636\" class=\"elementor-element elementor-element-d2a2725 elementor-widget elementor-widget-text-editor\" data-id=\"d2a2725\" data-element_type=\"widget\" data-e-type=\"widget\" data-widget_type=\"text-editor.default\">\n\t\t\t\t\t\t\t\t\t<p><strong>Camping Gamp SAS <\/strong><strong>di Sch\u00f6pfer Thomas<\/strong><br>Via Gries 10<br>I-39043 Chiusa<br>Tel. +39 0472 847 425<br><a href=\"mailto:info@ansitzgamp.com\" target=\"_blank\" rel=\"noopener\">info@ansitzgamp.com<\/a><br><a href=\"https:\/\/www.ansitzgamp.com\" target=\"_blank\" rel=\"noopener\">www.ansitzgamp.com<\/a><\/p>\n<p><\/p>\n<p>Part.IVA: IT02500400219<br>CIN Camping: IT021022B1GG33JG3H<br>CIN Hotel: IT021022A168BDW8GA<br>CIN Appartamenti: IT021022B4VAGNSWKA<br>CIN Chalet: IT021022B44ZYI4RBI<br>Cod.-Fisc. &amp; Iscr. Camera di Commercio di Bolzano: 02500400219<br>REA n\u00b0 BZ-183068<\/p>\t\t\t\t\t\t\t\t<\/div>\n\t\t\t\t<div data-dce-text-color=\"#363636\" class=\"elementor-element elementor-element-ffd0116 elementor-widget elementor-widget-text-editor\" data-id=\"ffd0116\" data-element_type=\"widget\" data-e-type=\"widget\" data-widget_type=\"text-editor.default\">\n\t\t\t\t\t\t\t\t\t<p><span style=\"font-family: -apple-system, BlinkMacSystemFont, 'Segoe UI', Roboto, 'Helvetica Neue', Arial, 'Noto Sans', sans-serif, 'Apple Color Emoji', 'Segoe UI Emoji', 'Segoe UI Symbol', 'Noto Color Emoji';\">Pubblicazione contributi a norma della legge n 124\/2017 nell\u2019anno 2020. I contributi ricevuti sono elencati <a href=\"https:\/\/ansitzgamp.com\/wp-content\/uploads\/2025\/03\/beitraege.pdf\" target=\"_blank\" rel=\"noopener\"><u>qui<\/u><\/a>.<\/span><\/p>\t\t\t\t\t\t\t\t<\/div>\n\t\t\t\t<\/div>\n\t\t<div class=\"elementor-element elementor-element-445724eb e-con-full e-flex e-con e-child\" data-id=\"445724eb\" data-element_type=\"container\" data-e-type=\"container\">\n\t\t\t\t<div data-dce-title-color=\"#363636\" class=\"elementor-element elementor-element-4b0d60a2 elementor-widget elementor-widget-heading\" data-id=\"4b0d60a2\" data-element_type=\"widget\" data-e-type=\"widget\" data-widget_type=\"heading.default\">\n\t\t\t\t\t<h2 class=\"elementor-heading-title elementor-size-default\">Design e realizzazione\n\n<\/h2>\t\t\t\t<\/div>\n\t\t\t\t<div data-dce-text-color=\"#363636\" class=\"elementor-element elementor-element-924f28 elementor-widget elementor-widget-text-editor\" data-id=\"924f28\" data-element_type=\"widget\" data-e-type=\"widget\" data-widget_type=\"text-editor.default\">\n\t\t\t\t\t\t\t\t\t<p><strong>Agenzia creativa Minedesign SNC<\/strong><br \/>di Daniel Olivieri &amp; Matthias Mur<br \/>Via Fraghes 6, 39043 Chiusa<br \/>T. 0472 847 216<br \/><a style=\"font-family: Roboto; font-size: 17px; font-weight: 300; color: #363636;\" href=\"mailto:info@minedesign.it\">info@minedesign.it<\/a><br \/><a style=\"font-family: Roboto; font-size: 17px; font-weight: 300; color: #363636;\" href=\"https:\/\/minedesign.it\" target=\"_blank\" rel=\"noopener\">minedesign.it<\/a><br \/>Part. IVA: IT02961340219<\/p>\t\t\t\t\t\t\t\t<\/div>\n\t\t\t\t<\/div>\n\t\t<div class=\"elementor-element elementor-element-61fd7a6 e-con-full e-flex e-con e-child\" data-id=\"61fd7a6\" data-element_type=\"container\" data-e-type=\"container\">\n\t\t\t\t<div data-dce-title-color=\"#363636\" class=\"elementor-element elementor-element-62a88010 elementor-widget elementor-widget-heading\" data-id=\"62a88010\" data-element_type=\"widget\" data-e-type=\"widget\" data-widget_type=\"heading.default\">\n\t\t\t\t\t<h2 class=\"elementor-heading-title elementor-size-default\">Riferimento \u00a9<\/h2>\t\t\t\t<\/div>\n\t\t\t\t<div data-dce-text-color=\"#363636\" class=\"elementor-element elementor-element-3faef91a elementor-widget elementor-widget-text-editor\" data-id=\"3faef91a\" data-element_type=\"widget\" data-e-type=\"widget\" data-widget_type=\"text-editor.default\">\n\t\t\t\t\t\t\t\t\t<p><strong>Foto, immagini e grafiche<\/strong><\/p><p>Tobias Kaser<\/p><p>Thomas R\u00f6tting<\/p><p>Koni Studio<\/p><p>Oliver Jaist<\/p><p>IDM S\u00fcdtirol-Alto Adige\/Alex Filz<\/p><p>IDM S\u00fcdtirol-Alto Adige\/Alex Moling<\/p><p>IDM S\u00fcdtirol-Alto Adige\/Manuel Kottersteger<\/p><p>IDM S\u00fcdtirol-Alto Adige\/Manuel Ferrigato<\/p><p>IDM S\u00fcdtirol-Alto Adige\/Andreas Mierswa<\/p><p>Museo Archeologico dell&#8217;Alto Adige\/foto-dpi.com<\/p><p>Miniera Villandro\/Gruber<\/p><p>Pexels, Pixabay, Unsplash<\/p><p>\u00a0<\/p><p><strong>Testi<\/strong><br \/>MA Language Solutions<br \/>Romina Sch\u00f6pfer<br \/><a href=\"https:\/\/www.klausen.it\/it\" target=\"_blank\" rel=\"noopener\">Societ\u00e0 Cooperativa Turistica Chiusa, Barbiano, Velturno e Villandro<\/a><\/p>\t\t\t\t\t\t\t\t<\/div>\n\t\t\t\t<\/div>\n\t\t\t\t\t<\/div>\n\t\t\t\t<\/div>\n\t\t<div class=\"elementor-element elementor-element-678d0413 e-flex e-con-boxed e-con e-parent\" data-id=\"678d0413\" data-element_type=\"container\" data-e-type=\"container\">\n\t\t\t\t\t<div class=\"e-con-inner\">\n\t\t<div class=\"elementor-element elementor-element-f15448b e-con-full e-flex e-con e-child\" data-id=\"f15448b\" data-element_type=\"container\" data-e-type=\"container\">\n\t\t\t\t<div data-dce-title-color=\"#363636\" class=\"elementor-element elementor-element-6c950dc1 elementor-widget elementor-widget-heading\" data-id=\"6c950dc1\" data-element_type=\"widget\" data-e-type=\"widget\" data-widget_type=\"heading.default\">\n\t\t\t\t\t<h2 class=\"elementor-heading-title elementor-size-default\">Responsabilit\u00e0 per contenuti\n<\/h2>\t\t\t\t<\/div>\n\t\t\t\t<div data-dce-text-color=\"#363636\" class=\"elementor-element elementor-element-2512c096 elementor-widget elementor-widget-text-editor\" data-id=\"2512c096\" data-element_type=\"widget\" data-e-type=\"widget\" data-widget_type=\"text-editor.default\">\n\t\t\t\t\t\t\t\t\t<p>I contenuti delle nostre pagine sono stati creati con la massima cura. Tuttavia, non ci assumiamo alcuna responsabilit\u00e0 per la correttezza, la completezza e l\u2019attualit\u00e0 dei contenuti. In qualit\u00e0 di fornitore di servizi, siamo responsabili dei contenuti di queste pagine in conformit\u00e0 con le leggi generali. Tuttavia, in qualit\u00e0 di fornitore di servizi, non siamo obbligati a controllare le informazioni trasmesse o memorizzate da terzi o a indagare su circostanze che indicano un\u2019attivit\u00e0 illegale. L\u2019obbligo di rimuovere o bloccare l\u2019uso delle informazioni in conformit\u00e0 alle leggi generali rimane inalterato. Tuttavia, la responsabilit\u00e0 a tale riguardo \u00e8 possibile solo a partire dal momento in cui si viene a conoscenza di una violazione concreta della legge. Non appena veniamo a conoscenza di tali violazioni, provvederemo a rimuovere immediatamente questi contenuti.<\/p>\t\t\t\t\t\t\t\t<\/div>\n\t\t\t\t<\/div>\n\t\t\t\t\t<\/div>\n\t\t\t\t<\/div>\n\t\t<div class=\"elementor-element elementor-element-65791513 e-flex e-con-boxed e-con e-parent\" data-id=\"65791513\" data-element_type=\"container\" data-e-type=\"container\">\n\t\t\t\t\t<div class=\"e-con-inner\">\n\t\t<div class=\"elementor-element elementor-element-6951d97e e-con-full e-flex e-con e-child\" data-id=\"6951d97e\" data-element_type=\"container\" data-e-type=\"container\">\n\t\t\t\t<div data-dce-title-color=\"#363636\" class=\"elementor-element elementor-element-665617fe elementor-widget elementor-widget-heading\" data-id=\"665617fe\" data-element_type=\"widget\" data-e-type=\"widget\" data-widget_type=\"heading.default\">\n\t\t\t\t\t<h2 class=\"elementor-heading-title elementor-size-default\">Responsabilit\u00e0 per i link\n<\/h2>\t\t\t\t<\/div>\n\t\t\t\t<div data-dce-text-color=\"#363636\" class=\"elementor-element elementor-element-680b84e8 elementor-widget elementor-widget-text-editor\" data-id=\"680b84e8\" data-element_type=\"widget\" data-e-type=\"widget\" data-widget_type=\"text-editor.default\">\n\t\t\t\t\t\t\t\t\t<p>La nostra offerta contiene link a siti web esterni di terzi, sui cui contenuti non abbiamo alcuna influenza. Pertanto, non possiamo assumerci alcuna responsabilit\u00e0 per questi contenuti esterni. Il rispettivo fornitore o gestore delle pagine \u00e8 sempre responsabile dei contenuti delle pagine collegate. Le pagine collegate sono state controllate per verificare l\u2019assenza di possibili infrazioni legali al momento del collegamento. I contenuti illegali non erano riconoscibili al momento del collegamento. Tuttavia, un controllo permanente dei contenuti delle pagine collegate non \u00e8 ragionevole senza prove concrete di una violazione della legge. Noi rimuoveremo tali link immediatamente dopo essere venuti a conoscenza di eventuali violazioni della legge.<\/p>\t\t\t\t\t\t\t\t<\/div>\n\t\t\t\t<\/div>\n\t\t\t\t\t<\/div>\n\t\t\t\t<\/div>\n\t\t<div class=\"elementor-element elementor-element-329d6138 e-flex e-con-boxed e-con e-parent\" data-id=\"329d6138\" data-element_type=\"container\" data-e-type=\"container\">\n\t\t\t\t\t<div class=\"e-con-inner\">\n\t\t<div class=\"elementor-element elementor-element-714e696f e-con-full e-flex e-con e-child\" data-id=\"714e696f\" data-element_type=\"container\" data-e-type=\"container\">\n\t\t\t\t<div data-dce-title-color=\"#363636\" class=\"elementor-element elementor-element-25d33e54 elementor-widget elementor-widget-heading\" data-id=\"25d33e54\" data-element_type=\"widget\" data-e-type=\"widget\" data-widget_type=\"heading.default\">\n\t\t\t\t\t<h2 class=\"elementor-heading-title elementor-size-default\">Copyright<\/h2>\t\t\t\t<\/div>\n\t\t\t\t<div data-dce-text-color=\"#363636\" class=\"elementor-element elementor-element-6c7a6bc elementor-widget elementor-widget-text-editor\" data-id=\"6c7a6bc\" data-element_type=\"widget\" data-e-type=\"widget\" data-widget_type=\"text-editor.default\">\n\t\t\t\t\t\t\t\t\t<p>I contenuti e le opere presenti su queste pagine create dal proprietario del sito web e da terzi con accesso amministratore sono soggetti a copyright. La duplicazione, l\u2019elaborazione, la distribuzione e qualsiasi forma di commercializzazione di tale materiale al di fuori dell\u2019ambito della legge sul diritto d\u2019autore richiede il previo consenso scritto del rispettivo autore o creatore. Il download e le copie di queste pagine sono consentiti solo per uso privato e non commerciale. Nella misura in cui il contenuto di questo sito non \u00e8 stato creato dal gestore, i diritti d\u2019autore di terzi sono rispettati. In particolare, i contenuti di terzi sono contrassegnati come tali. Qualora venisse comunque a conoscenza di una violazione del diritto d\u2019autore, la preghiamo di informarci di conseguenza. Non appena ci rendiamo conto di eventuali violazioni della legge, elimineremo immediatamente tali contenuti.<\/p>\t\t\t\t\t\t\t\t<\/div>\n\t\t\t\t<\/div>\n\t\t\t\t\t<\/div>\n\t\t\t\t<\/div>\n\t\t<div class=\"elementor-element elementor-element-53a65e83 e-flex e-con-boxed e-con e-parent\" data-id=\"53a65e83\" data-element_type=\"container\" data-e-type=\"container\">\n\t\t\t\t\t<div class=\"e-con-inner\">\n\t\t<div class=\"elementor-element elementor-element-581d6a26 e-con-full e-flex e-con e-child\" data-id=\"581d6a26\" data-element_type=\"container\" data-e-type=\"container\">\n\t\t\t\t<div data-dce-title-color=\"#363636\" class=\"elementor-element elementor-element-332f7edf elementor-widget elementor-widget-heading\" data-id=\"332f7edf\" data-element_type=\"widget\" data-e-type=\"widget\" data-widget_type=\"heading.default\">\n\t\t\t\t\t<h2 class=\"elementor-heading-title elementor-size-default\">Controversie secondo la normativa UE\n<\/h2>\t\t\t\t<\/div>\n\t\t\t\t<div data-dce-text-color=\"#363636\" class=\"elementor-element elementor-element-56de17cd elementor-widget elementor-widget-text-editor\" data-id=\"56de17cd\" data-element_type=\"widget\" data-e-type=\"widget\" data-widget_type=\"text-editor.default\">\n\t\t\t\t\t\t\t\t\tInformazioni richieste dal regolamento (UE) n. 524\/2016 del Parlamento europeo e della piattaforma per la risoluzione online delle controversie in materia di consumo (ODR) della Commissione europea: <a style=\"color: black; font-weight: 500;\" href=\"https:\/\/ec.europa.eu\/consumers\/odr\" target=\"_blank\" rel=\"noopener\">Vedi Link<\/a>\t\t\t\t\t\t\t\t<\/div>\n\t\t\t\t<\/div>\n\t\t\t\t\t<\/div>\n\t\t\t\t<\/div>\n\t\t\t\t<\/div>\n\t\t","protected":false},"excerpt":{"rendered":"<p>Dichiariazione liberatoria Responsabile Camping Gamp SAS di Sch\u00f6pfer ThomasVia Gries 10I-39043 ChiusaTel. +39 0472 847 425info@ansitzgamp.comwww.ansitzgamp.com Part.IVA: IT02500400219CIN Camping: IT021022B1GG33JG3HCIN Hotel: IT021022A168BDW8GACIN Appartamenti: IT021022B4VAGNSWKACIN Chalet: IT021022B44ZYI4RBICod.-Fisc. &amp; Iscr. Camera di Commercio di Bolzano: 02500400219REA n\u00b0 BZ-183068 Pubblicazione contributi a norma della legge n 124\/2017 nell\u2019anno 2020. I contributi ricevuti sono elencati qui. Design e realizzazione [&hellip;]<\/p>\n","protected":false},"author":1,"featured_media":0,"parent":0,"menu_order":0,"comment_status":"closed","ping_status":"closed","template":"","meta":{"footnotes":""},"class_list":["post-9060","page","type-page","status-publish","hentry"],"_links":{"self":[{"href":"https:\/\/ansitzgamp.com\/it\/wp-json\/wp\/v2\/pages\/9060","targetHints":{"allow":["GET"]}}],"collection":[{"href":"https:\/\/ansitzgamp.com\/it\/wp-json\/wp\/v2\/pages"}],"about":[{"href":"https:\/\/ansitzgamp.com\/it\/wp-json\/wp\/v2\/types\/page"}],"author":[{"embeddable":true,"href":"https:\/\/ansitzgamp.com\/it\/wp-json\/wp\/v2\/users\/1"}],"replies":[{"embeddable":true,"href":"https:\/\/ansitzgamp.com\/it\/wp-json\/wp\/v2\/comments?post=9060"}],"version-history":[{"count":0,"href":"https:\/\/ansitzgamp.com\/it\/wp-json\/wp\/v2\/pages\/9060\/revisions"}],"wp:attachment":[{"href":"https:\/\/ansitzgamp.com\/it\/wp-json\/wp\/v2\/media?parent=9060"}],"curies":[{"name":"wp","href":"https:\/\/api.w.org\/{rel}","templated":true}]}}